{"id":17,"date":"2017-12-06T21:56:10","date_gmt":"2017-12-06T20:56:10","guid":{"rendered":"http:\/\/www.artlukas.pl\/?page_id=17"},"modified":"2018-02-12T22:40:25","modified_gmt":"2018-02-12T21:40:25","slug":"o-nas","status":"publish","type":"page","link":"http:\/\/www.artlukas.pl\/index.php\/o-nas\/","title":{"rendered":"O nas"},"content":{"rendered":"<p>Jeste\u015bmy firm\u0105 oferuj\u0105c\u0105 us\u0142ugi dla wszystkich os\u00f3b planuj\u0105cych remont w\u0142asnego domu lub mieszkania. Dzia\u0142amy przede wszystkim na terenie Katowic oraz s\u0105siaduj\u0105cych miast. Specjalizujemy si\u0119 w kompleksowych adaptacjach \u2013 remontach oraz wyka\u0144czaniach wn\u0119trz. Na \u017cyczenie naszych Klient\u00f3w wykonujemy r\u00f3wnie\u017c kompleksow\u0105 realizacj\u0119 inwestycji: projekty i aran\u017cacje wn\u0119trz, s\u0142u\u017cymy porad\u0105 w doborze materia\u0142\u00f3w budowlanych, mebli oraz ca\u0142ego wyposa\u017cenia.<\/p>\n<p>We w\u0142asnej pracy bazujemy na naszym wieloletnim do\u015bwiadczeniu i szerokim zakresie wiedzy, dlatego efekty naszych realizacji spe\u0142niaj\u0105 oczekiwania nawet najbardziej wymagaj\u0105cych Klient\u00f3w. Nasza firma remontowa daje gwarancj\u0119 wysokiej jako\u015bci, estetyki oraz tempa pracy. Jest to spe\u0142nienie wszelkich Pa\u0144stwa wymaga\u0144.<\/p>\n<p>Nasza firma zwraca szczeg\u00f3ln\u0105 uwag\u0119 na jako\u015b\u0107, wysoki standard oraz terminowo\u015b\u0107 wykonania naszych us\u0142ug. Posiadamy wykwalifikowanych, do\u015bwiadczonych i sta\u0142ych pracownik\u00f3w. Wieloletnia praktyka oraz niezb\u0119dne kwalifikacje umo\u017cliwiaj\u0105 nam \u015bwiadczenie us\u0142ug na najwy\u017cszym poziomie.<\/p>\n<p>Wsp\u00f3\u0142pracuj\u0105cy z nami architekci i projektanci wn\u0119trz, czerpi\u0105c inspiracje ze wsp\u00f3\u0142czesnych trend\u00f3w wzornictwa oraz tradycyjnych form, przy Pa\u0144stwa udziale s\u0105 w stanie stworzy\u0107 wn\u0119trza, kt\u00f3re spe\u0142niaj\u0105 wizj\u0119 o wn\u0119trzach idealnych. Mog\u0105 oni r\u00f3wnie\u017c prowadzi\u0107 nadz\u00f3r nad wykonywanymi przez nas pracami.<\/p>\n<p>Zaufanie, jakim obdarzaj\u0105 nas Klienci dostarcza nam satysfakcji, a jednocze\u015bnie mobilizuje i zobowi\u0105zuje do dalszej wyt\u0119\u017conej pracy.<\/p>\n<p>&nbsp;<\/p>\n<p>.<\/p>\n","protected":false},"excerpt":{"rendered":"<p>Jeste\u015bmy firm\u0105 oferuj\u0105c\u0105 us\u0142ugi dla wszystkich os\u00f3b planuj\u0105cych remont w\u0142asnego domu lub mieszkania. Dzia\u0142amy przede wszystkim na terenie Katowic oraz s\u0105siaduj\u0105cych miast. Specjalizujemy si\u0119 w kompleksowych adaptacjach \u2013 remontach oraz wyka\u0144czaniach wn\u0119trz. Na \u017cyczenie naszych Klient\u00f3w wykonujemy r\u00f3wnie\u017c kompleksow\u0105 realizacj\u0119 inwestycji: projekty i aran\u017cacje wn\u0119trz, s\u0142u\u017cymy porad\u0105 w doborze materia\u0142\u00f3w budowlanych, mebli oraz ca\u0142ego wyposa\u017cenia. &hellip; <\/p>\n<p class=\"link-more\"><a href=\"http:\/\/www.artlukas.pl\/index.php\/o-nas\/\" class=\"more-link\">Czytaj dalej<span class=\"screen-reader-text\"> O nas<\/span><\/a><\/p>\n","protected":false},"author":1,"featured_media":62,"parent":0,"menu_order":0,"comment_status":"closed","ping_status":"closed","template":"","meta":[],"_links":{"self":[{"href":"http:\/\/www.artlukas.pl\/index.php\/wp-json\/wp\/v2\/pages\/17"}],"collection":[{"href":"http:\/\/www.artlukas.pl\/index.php\/wp-json\/wp\/v2\/pages"}],"about":[{"href":"http:\/\/www.artlukas.pl\/index.php\/wp-json\/wp\/v2\/types\/page"}],"author":[{"embeddable":true,"href":"http:\/\/www.artlukas.pl\/index.php\/wp-json\/wp\/v2\/users\/1"}],"replies":[{"embeddable":true,"href":"http:\/\/www.artlukas.pl\/index.php\/wp-json\/wp\/v2\/comments?post=17"}],"version-history":[{"count":3,"href":"http:\/\/www.artlukas.pl\/index.php\/wp-json\/wp\/v2\/pages\/17\/revisions"}],"predecessor-version":[{"id":112,"href":"http:\/\/www.artlukas.pl\/index.php\/wp-json\/wp\/v2\/pages\/17\/revisions\/112"}],"wp:featuredmedia":[{"embeddable":true,"href":"http:\/\/www.artlukas.pl\/index.php\/wp-json\/wp\/v2\/media\/62"}],"wp:attachment":[{"href":"http:\/\/www.artlukas.pl\/index.php\/wp-json\/wp\/v2\/media?parent=17"}],"curies":[{"name":"wp","href":"https:\/\/api.w.org\/{rel}","templated":true}]}}